{"id":155,"date":"2026-01-13T14:34:05","date_gmt":"2026-01-13T13:34:05","guid":{"rendered":"https:\/\/tjelke.hak-digital.at\/?page_id=155"},"modified":"2026-01-13T14:34:05","modified_gmt":"2026-01-13T13:34:05","slug":"datenschutz","status":"publish","type":"page","link":"https:\/\/tjelke.hak-digital.at\/?page_id=155","title":{"rendered":"Datenschutz"},"content":{"rendered":"\n<h3 class=\"wp-block-heading\"><strong>Datenschutzerkl\u00e4rung<\/strong><\/h3>\n\n\n\n<p>Der Schutz Ihrer pers\u00f6nlichen Daten ist uns ein wichtiges Anliegen. Wir verarbeiten personenbezogene Daten ausschlie\u00dflich im Einklang mit den geltenden gesetzlichen Bestimmungen in \u00d6sterreich sowie der Datenschutz-Grundverordnung (DSGVO). Personenbezogene Daten werden nur dann erhoben, wenn sie f\u00fcr die Abwicklung von Anfragen, Auftr\u00e4gen oder zur Kontaktaufnahme erforderlich sind.<\/p>\n\n\n\n<p>Die von Ihnen \u00fcbermittelten Daten werden vertraulich behandelt und nicht ohne Ihre ausdr\u00fcckliche Zustimmung an Dritte weitergegeben, sofern keine gesetzliche Verpflichtung dazu besteht. Technische und organisatorische Ma\u00dfnahmen sorgen daf\u00fcr, dass Ihre Daten vor unbefugtem Zugriff gesch\u00fctzt sind.<\/p>\n\n\n\n<p>Sie haben jederzeit das Recht auf Auskunft, Berichtigung, L\u00f6schung oder Einschr\u00e4nkung der Verarbeitung Ihrer personenbezogenen Daten. Bei Fragen zum Datenschutz oder zur Aus\u00fcbung Ihrer Rechte k\u00f6nnen Sie sich jederzeit direkt an uns wenden.<\/p>\n","protected":false},"excerpt":{"rendered":"<p>Datenschutzerkl\u00e4rung Der Schutz Ihrer pers\u00f6nlichen Daten ist uns ein wichtiges Anliegen. Wir verarbeiten personenbezogene Daten ausschlie\u00dflich im Einklang mit den geltenden gesetzlichen Bestimmungen in \u00d6sterreich sowie der Datenschutz-Grundverordnung (DSGVO). Personenbezogene Daten werden nur dann erhoben, wenn sie f\u00fcr die Abwicklung von Anfragen, Auftr\u00e4gen oder zur Kontaktaufnahme erforderlich sind. Die von Ihnen \u00fcbermittelten Daten werden vertraulich [&hellip;]<\/p>\n","protected":false},"author":1,"featured_media":0,"parent":0,"menu_order":0,"comment_status":"closed","ping_status":"closed","template":"","meta":{"footnotes":""},"class_list":["post-155","page","type-page","status-publish","hentry"],"_links":{"self":[{"href":"https:\/\/tjelke.hak-digital.at\/index.php?rest_route=\/wp\/v2\/pages\/155","targetHints":{"allow":["GET"]}}],"collection":[{"href":"https:\/\/tjelke.hak-digital.at\/index.php?rest_route=\/wp\/v2\/pages"}],"about":[{"href":"https:\/\/tjelke.hak-digital.at\/index.php?rest_route=\/wp\/v2\/types\/page"}],"author":[{"embeddable":true,"href":"https:\/\/tjelke.hak-digital.at\/index.php?rest_route=\/wp\/v2\/users\/1"}],"replies":[{"embeddable":true,"href":"https:\/\/tjelke.hak-digital.at\/index.php?rest_route=%2Fwp%2Fv2%2Fcomments&post=155"}],"version-history":[{"count":1,"href":"https:\/\/tjelke.hak-digital.at\/index.php?rest_route=\/wp\/v2\/pages\/155\/revisions"}],"predecessor-version":[{"id":156,"href":"https:\/\/tjelke.hak-digital.at\/index.php?rest_route=\/wp\/v2\/pages\/155\/revisions\/156"}],"wp:attachment":[{"href":"https:\/\/tjelke.hak-digital.at\/index.php?rest_route=%2Fwp%2Fv2%2Fmedia&parent=155"}],"curies":[{"name":"wp","href":"https:\/\/api.w.org\/{rel}","templated":true}]}}