{"id":151,"date":"2026-01-13T14:33:01","date_gmt":"2026-01-13T13:33:01","guid":{"rendered":"https:\/\/tjelke.hak-digital.at\/?page_id=151"},"modified":"2026-01-13T14:33:01","modified_gmt":"2026-01-13T13:33:01","slug":"geschichte","status":"publish","type":"page","link":"https:\/\/tjelke.hak-digital.at\/?page_id=151","title":{"rendered":"Geschichte"},"content":{"rendered":"\n<p>Unser Unternehmen wurde in <strong>\u00d6sterreich<\/strong> gegr\u00fcndet und entstand aus einer tiefen Begeisterung f\u00fcr Fahrzeuge, Performance und hochwertige Technik. Was zun\u00e4chst als Vision begann, entwickelte sich \u00fcber die Jahre zu einem professionellen Tuning-Unternehmen mit klaren Qualit\u00e4tsstandards und einem breit gef\u00e4cherten Leistungsangebot.<\/p>\n\n\n\n<p>Unser Standort befindet sich in <strong>Korneuburg, Bankmannring 1<\/strong>, wo wir unsere Kunden in unserer Werkstatt und unserem Tuning-Betrieb empfangen. Hier entstehen individuelle Projekte \u2013 von Leistungssteigerungen \u00fcber optisches Tuning bis hin zu Innenraumveredelungen. Dieser Standort ist das Zentrum unserer t\u00e4glichen Arbeit und ein Treffpunkt f\u00fcr alle, die ihr Fahrzeug technisch und optisch aufwerten m\u00f6chten.<\/p>\n\n\n\n<p>Von Beginn an war es uns wichtig, s\u00e4mtliche Arbeiten <strong>ausschlie\u00dflich im Rahmen der in \u00d6sterreich geltenden Gesetze und Vorschriften<\/strong> durchzuf\u00fchren. Dazu z\u00e4hlen unter anderem die Stra\u00dfenverkehrsordnung (StVO), Typisierungsrichtlinien, Genehmigungsverfahren sowie technische Pr\u00fcfungen und Eintragungen. Unser Anspruch ist es, Fahrzeuge nicht nur leistungsst\u00e4rker oder individueller zu machen, sondern sie gleichzeitig sicher, zuverl\u00e4ssig und gesetzeskonform auf die Stra\u00dfe zu bringen.<\/p>\n","protected":false},"excerpt":{"rendered":"<p>Unser Unternehmen wurde in \u00d6sterreich gegr\u00fcndet und entstand aus einer tiefen Begeisterung f\u00fcr Fahrzeuge, Performance und hochwertige Technik. Was zun\u00e4chst als Vision begann, entwickelte sich \u00fcber die Jahre zu einem professionellen Tuning-Unternehmen mit klaren Qualit\u00e4tsstandards und einem breit gef\u00e4cherten Leistungsangebot. Unser Standort befindet sich in Korneuburg, Bankmannring 1, wo wir unsere Kunden in unserer Werkstatt [&hellip;]<\/p>\n","protected":false},"author":1,"featured_media":0,"parent":0,"menu_order":0,"comment_status":"closed","ping_status":"closed","template":"","meta":{"footnotes":""},"class_list":["post-151","page","type-page","status-publish","hentry"],"_links":{"self":[{"href":"https:\/\/tjelke.hak-digital.at\/index.php?rest_route=\/wp\/v2\/pages\/151","targetHints":{"allow":["GET"]}}],"collection":[{"href":"https:\/\/tjelke.hak-digital.at\/index.php?rest_route=\/wp\/v2\/pages"}],"about":[{"href":"https:\/\/tjelke.hak-digital.at\/index.php?rest_route=\/wp\/v2\/types\/page"}],"author":[{"embeddable":true,"href":"https:\/\/tjelke.hak-digital.at\/index.php?rest_route=\/wp\/v2\/users\/1"}],"replies":[{"embeddable":true,"href":"https:\/\/tjelke.hak-digital.at\/index.php?rest_route=%2Fwp%2Fv2%2Fcomments&post=151"}],"version-history":[{"count":1,"href":"https:\/\/tjelke.hak-digital.at\/index.php?rest_route=\/wp\/v2\/pages\/151\/revisions"}],"predecessor-version":[{"id":152,"href":"https:\/\/tjelke.hak-digital.at\/index.php?rest_route=\/wp\/v2\/pages\/151\/revisions\/152"}],"wp:attachment":[{"href":"https:\/\/tjelke.hak-digital.at\/index.php?rest_route=%2Fwp%2Fv2%2Fmedia&parent=151"}],"curies":[{"name":"wp","href":"https:\/\/api.w.org\/{rel}","templated":true}]}}