{"id":127,"date":"2026-01-13T13:47:33","date_gmt":"2026-01-13T12:47:33","guid":{"rendered":"https:\/\/tjelke.hak-digital.at\/?page_id=127"},"modified":"2026-01-13T14:13:46","modified_gmt":"2026-01-13T13:13:46","slug":"kontakt","status":"publish","type":"page","link":"https:\/\/tjelke.hak-digital.at\/?page_id=127","title":{"rendered":"Kontakt"},"content":{"rendered":"\n<p>Sie m\u00f6chten Ihr Fahrzeug tunen, beraten werden oder ein individuelles Projekt mit uns umsetzen? Dann nehmen Sie gerne Kontakt mit uns auf. In einem pers\u00f6nlichen Gespr\u00e4ch kl\u00e4ren wir Ihre W\u00fcnsche, M\u00f6glichkeiten und die rechtlichen Rahmenbedingungen.<\/p>\n\n\n\n<p>Unser Standort in <strong>Korneuburg, Bankmannring 1<\/strong>, bietet die ideale Umgebung f\u00fcr Beratung, Planung und Umsetzung. Ob Leistungssteigerung, optisches Tuning, Innenausstattung oder T\u00dcV- bzw. \u00f6sterreichische Pr\u00fcfungen \u2013 wir stehen Ihnen kompetent zur Seite.<\/p>\n\n\n\n<p>Kontaktieren Sie uns telefonisch, per E-Mail oder direkt vor Ort. Wir freuen uns darauf, Ihr Fahrzeug gemeinsam mit Ihnen auf das n\u00e4chste Level zu bringen \u2013 professionell, sicher und gesetzeskonform in \u00d6sterreich.<\/p>\n\n\n\n<p>Tel.: +43 0660 6967<\/p>\n\n\n\n<p>Mail: tjperformance@tuning.at<\/p>\n\n\n\n<p><\/p>\n","protected":false},"excerpt":{"rendered":"<p>Sie m\u00f6chten Ihr Fahrzeug tunen, beraten werden oder ein individuelles Projekt mit uns umsetzen? Dann nehmen Sie gerne Kontakt mit uns auf. In einem pers\u00f6nlichen Gespr\u00e4ch kl\u00e4ren wir Ihre W\u00fcnsche, M\u00f6glichkeiten und die rechtlichen Rahmenbedingungen. Unser Standort in Korneuburg, Bankmannring 1, bietet die ideale Umgebung f\u00fcr Beratung, Planung und Umsetzung. Ob Leistungssteigerung, optisches Tuning, Innenausstattung [&hellip;]<\/p>\n","protected":false},"author":1,"featured_media":0,"parent":0,"menu_order":0,"comment_status":"closed","ping_status":"closed","template":"","meta":{"footnotes":""},"class_list":["post-127","page","type-page","status-publish","hentry"],"_links":{"self":[{"href":"https:\/\/tjelke.hak-digital.at\/index.php?rest_route=\/wp\/v2\/pages\/127","targetHints":{"allow":["GET"]}}],"collection":[{"href":"https:\/\/tjelke.hak-digital.at\/index.php?rest_route=\/wp\/v2\/pages"}],"about":[{"href":"https:\/\/tjelke.hak-digital.at\/index.php?rest_route=\/wp\/v2\/types\/page"}],"author":[{"embeddable":true,"href":"https:\/\/tjelke.hak-digital.at\/index.php?rest_route=\/wp\/v2\/users\/1"}],"replies":[{"embeddable":true,"href":"https:\/\/tjelke.hak-digital.at\/index.php?rest_route=%2Fwp%2Fv2%2Fcomments&post=127"}],"version-history":[{"count":3,"href":"https:\/\/tjelke.hak-digital.at\/index.php?rest_route=\/wp\/v2\/pages\/127\/revisions"}],"predecessor-version":[{"id":147,"href":"https:\/\/tjelke.hak-digital.at\/index.php?rest_route=\/wp\/v2\/pages\/127\/revisions\/147"}],"wp:attachment":[{"href":"https:\/\/tjelke.hak-digital.at\/index.php?rest_route=%2Fwp%2Fv2%2Fmedia&parent=127"}],"curies":[{"name":"wp","href":"https:\/\/api.w.org\/{rel}","templated":true}]}}